{"id":1120,"date":"2024-06-05T14:31:23","date_gmt":"2024-06-05T12:31:23","guid":{"rendered":"https:\/\/www.rinabow.nl\/product\/%e3%82%b5%e3%83%b3%e3%83%88%e3%83%a1%e3%83%bb%e3%83%97%e3%83%aa%e3%83%b3%e3%82%b7%e3%83%9a-%f0%9f%87%b8%f0%9f%87%b9-sao-tome-and-principe\/"},"modified":"2024-12-21T00:09:22","modified_gmt":"2024-12-20T23:09:22","slug":"sao-tome-and-principe","status":"publish","type":"product","link":"https:\/\/www.rinabow.nl\/ja\/product\/sao-tome-and-principe\/","title":{"rendered":"S\u00e3o Tom\u00e9 and Pr\u00edncipe \ud83c\uddf8\ud83c\uddf9"},"content":{"rendered":"","protected":false},"excerpt":{"rendered":"","protected":false},"featured_media":1119,"comment_status":"open","ping_status":"closed","template":"","meta":{"_et_pb_use_builder":"","_et_pb_old_content":"","_et_gb_content_width":""},"product_cat":[68,46,88,86],"product_tag":[52,377,376,53],"class_list":{"0":"post-1120","1":"product","2":"type-product","3":"status-publish","4":"has-post-thumbnail","6":"product_cat-africa","7":"product_cat-heart-flags","8":"product_cat-middle","9":"product_cat-sub-saharan","10":"product_tag-flags","11":"product_tag-sao-tome-and-principe","12":"product_tag-376","13":"product_tag-53","14":"product_shipping_class-letter","16":"first","17":"instock","18":"shipping-taxable","19":"purchasable","20":"product-type-simple"},"jetpack_sharing_enabled":true,"_links":{"self":[{"href":"https:\/\/www.rinabow.nl\/ja\/wp-json\/wp\/v2\/product\/1120"}],"collection":[{"href":"https:\/\/www.rinabow.nl\/ja\/wp-json\/wp\/v2\/product"}],"about":[{"href":"https:\/\/www.rinabow.nl\/ja\/wp-json\/wp\/v2\/types\/product"}],"replies":[{"embeddable":true,"href":"https:\/\/www.rinabow.nl\/ja\/wp-json\/wp\/v2\/comments?post=1120"}],"wp:featuredmedia":[{"embeddable":true,"href":"https:\/\/www.rinabow.nl\/ja\/wp-json\/wp\/v2\/media\/1119"}],"wp:attachment":[{"href":"https:\/\/www.rinabow.nl\/ja\/wp-json\/wp\/v2\/media?parent=1120"}],"wp:term":[{"taxonomy":"product_cat","embeddable":true,"href":"https:\/\/www.rinabow.nl\/ja\/wp-json\/wp\/v2\/product_cat?post=1120"},{"taxonomy":"product_tag","embeddable":true,"href":"https:\/\/www.rinabow.nl\/ja\/wp-json\/wp\/v2\/product_tag?post=1120"}],"curies":[{"name":"wp","href":"https:\/\/api.w.org\/{rel}","templated":true}]}}